{"id":17,"date":"2023-06-26T12:01:28","date_gmt":"2023-06-26T10:01:28","guid":{"rendered":"http:\/\/vttfontenois.fr\/?page_id=17"},"modified":"2024-01-04T15:58:37","modified_gmt":"2024-01-04T14:58:37","slug":"ladhesion","status":"publish","type":"page","link":"https:\/\/vttfontenois.fr\/?page_id=17","title":{"rendered":"L&rsquo;adh\u00e9sion 2024"},"content":{"rendered":"\n<p class=\"has-medium-font-size\">L\u2019adh\u00e9sion pour l\u2019ann\u00e9e 2024 est fix\u00e9e \u00e0 <strong>61,50 \u20ac<\/strong>. Cette cotisation comprend l\u2019adh\u00e9sion \u00e0 la F\u00e9d\u00e9ration Fran\u00e7aise de Cyclotourisme (tarif adulte Petit-Braquet, assurance incluse) et la cotisation du club de 10,00 \u20ac.<\/p>\n\n\n\n<p class=\"has-medium-font-size\"><strong>Attention : \u00e0 partir de cette&nbsp;ann\u00e9e, il n&rsquo;est plus n\u00e9cessaire de fournir un certificat m\u00e9dical, sauf pour ceux qui participent \u00e0 des manifestations cyclosportives (quelle que soit la f\u00e9d\u00e9ration).<\/strong>&nbsp;<\/p>\n\n\n\n<p class=\"has-medium-font-size\">La F\u00e9d\u00e9ration a opt\u00e9 pour une non-obligation de produire un certificat m\u00e9dical et a d\u00e9cid\u00e9 de proposer une d\u00e9marche \u00e9ducative et pr\u00e9ventive.<\/p>\n\n\n\n<p class=\"has-vivid-cyan-blue-color has-text-color has-link-color has-medium-font-size wp-elements-417a12ab9cbd5f11c9bdea957dab90a4\"><strong>D\u00e9sormais, il vous faudra faire parvenir \u00e0 notre tr\u00e9sorier (raillot.s@gmail.com) 2 documents accompagn\u00e9 de votre virement :<\/strong><\/p>\n\n\n\n<p class=\"has-medium-font-size\"><strong>1\/ votre&nbsp;bulletin d&rsquo;adh\u00e9sion au club, \u00e0 remplir en fonction du nouveau questionnaire m\u00e9dical 2024 en PJ.<\/strong><\/p>\n\n\n\n<div data-wp-interactive=\"core\/file\" class=\"wp-block-file\"><object data-wp-bind--hidden=\"!state.hasPdfPreview\" hidden class=\"wp-block-file__embed\" data=\"https:\/\/vttfontenois.fr\/wp-content\/uploads\/2024\/01\/1-Bulletin-adhesion-VTT-Fontenois-2024.pdf\" type=\"application\/pdf\" style=\"width:100%;height:600px\" aria-label=\"Contenu embarqu\u00e9 1- Bulletin adhesion VTT Fontenois 2024.\"><\/object><a id=\"wp-block-file--media-edd74da7-cca3-4dbb-a393-c9dffd8321df\" href=\"https:\/\/vttfontenois.fr\/wp-content\/uploads\/2024\/01\/1-Bulletin-adhesion-VTT-Fontenois-2024.pdf\">1- Bulletin adhesion VTT Fontenois 2024<\/a><a href=\"https:\/\/vttfontenois.fr\/wp-content\/uploads\/2024\/01\/1-Bulletin-adhesion-VTT-Fontenois-2024.pdf\" class=\"wp-block-file__button wp-element-button\" download aria-describedby=\"wp-block-file--media-edd74da7-cca3-4dbb-a393-c9dffd8321df\">T\u00e9l\u00e9charger<\/a><\/div>\n\n\n\n<p class=\"has-medium-font-size\"><strong>2\/ le coupon \u00ab\u00a0d\u00e9claration du licenci\u00e9 2024\u00a0\u00bb pour votre adh\u00e9sion \u00e0 l&rsquo;assurance FFCT \/ AXA \/ AMPLITUDE,<\/strong><\/p>\n\n\n\n<p class=\"has-medium-font-size\"><strong>3\/ votre&nbsp;virement (N\u00b0 IBAN = FR76 1940 6000 0067 1685 9129 042 \u2013 AGRIFRPP894) ou par ch\u00e8que libell\u00e9 \u00e0 l\u2019ordre du VTT FONTENOIS au tr\u00e9sorier du Club :<br>St\u00e9phane RAILLOT &#8211; 23 LA METAIRIE &#8211; 86600 COULOMBIERS<\/strong>.<\/p>\n\n\n\n<p>A r\u00e9ception des informations et du paiement par le Club, la FFV\u00c9LO envoie DIRECTEMENT sur l&rsquo;adresse mail du nouvel adh\u00e9rent les param\u00e8tres de connexion \u00e0 mon Espace et la copie de ma licence.<\/p>\n\n\n\n<p><\/p>\n\n\n\n<p><strong><u>RAPPEL sur la prise d\u2019effet et dur\u00e9e des garanties :<\/u><\/strong><\/p>\n\n\n\n<p># Les licenci\u00e9s et les Clubs sont couverts pendant l\u2019ann\u00e9e N d\u00e8s la prise de licence ou de la r\u00e9-affiliation, ainsi que pendant les mois de janvier et f\u00e9vrier de l\u2019ann\u00e9e N+1.&nbsp;<\/p>\n\n\n\n<p># Les garanties sont acquises \u00e0 compter du jour o\u00f9 le Club aura re\u00e7u le Bulletin de souscription ainsi que la cotisation correspondante jusqu\u2019au terme de la saison sportive soit le 31\/12 de l\u2019ann\u00e9e en cours.<\/p>\n\n\n\n<p># Les garanties sont automatiquement reconduites \u00e0 chaque \u00e9ch\u00e9ance pour les licenci\u00e9s de l\u2019exercice pr\u00e9c\u00e9dent sous r\u00e9serve que leur licence soit renouvel\u00e9e aupr\u00e8s du Club avant le 1er mars de l\u2019ann\u00e9e consid\u00e9r\u00e9e.&nbsp;<\/p>\n\n\n\n<p># Concernant les garanties optionnelles : Indemnit\u00e9s Journali\u00e8res, Compl\u00e9ment D\u00e9c\u00e8s\/Invalidit\u00e9, vol et dommages aux v\u00e9los les garanties sont acquises \u00e0 compter de la r\u00e9ception par l\u2019assureur du Bulletin de souscription accompagn\u00e9 du r\u00e8glement correspondant jusqu\u2019au terme de la saison sportive soit le 31\/12 de l\u2019ann\u00e9e en cours. <em>(Note SR : choix qu&rsquo;il vous appartient de g\u00e9rer directement avec le cabinet d&rsquo;assurance)<\/em>.<\/p>\n\n\n\n<p class=\"has-medium-font-size\"><\/p>\n\n\n\n<div data-wp-interactive=\"core\/file\" class=\"wp-block-file\"><object data-wp-bind--hidden=\"!state.hasPdfPreview\" hidden class=\"wp-block-file__embed\" data=\"https:\/\/vttfontenois.fr\/wp-content\/uploads\/2024\/01\/2-NOTICE-INFORMATION-DU-LICENCIE-A-SIGNER-SAISON-2024.pdf\" type=\"application\/pdf\" style=\"width:100%;height:600px\" aria-label=\"Contenu embarqu\u00e9 2- NOTICE INFORMATION DU LICENCIE A SIGNER SAISON 2024.\"><\/object><a id=\"wp-block-file--media-c0082365-8607-408f-bc3e-b41badefe491\" href=\"https:\/\/vttfontenois.fr\/wp-content\/uploads\/2024\/01\/2-NOTICE-INFORMATION-DU-LICENCIE-A-SIGNER-SAISON-2024.pdf\">2- NOTICE INFORMATION DU LICENCIE A SIGNER SAISON 2024<\/a><a href=\"https:\/\/vttfontenois.fr\/wp-content\/uploads\/2024\/01\/2-NOTICE-INFORMATION-DU-LICENCIE-A-SIGNER-SAISON-2024.pdf\" class=\"wp-block-file__button wp-element-button\" download aria-describedby=\"wp-block-file--media-c0082365-8607-408f-bc3e-b41badefe491\">T\u00e9l\u00e9charger<\/a><\/div>\n\n\n\n<div data-wp-interactive=\"core\/file\" class=\"wp-block-file\"><object data-wp-bind--hidden=\"!state.hasPdfPreview\" hidden class=\"wp-block-file__embed\" data=\"https:\/\/vttfontenois.fr\/wp-content\/uploads\/2024\/01\/2024-Nouveau-Questionnaire-Sante.pdf\" type=\"application\/pdf\" style=\"width:100%;height:600px\" aria-label=\"Contenu embarqu\u00e9 2024 - Nouveau Questionnaire Sant\u00e9.\"><\/object><a id=\"wp-block-file--media-b91fd73c-9c71-4602-b4c8-b2e0efb5d3c7\" href=\"https:\/\/vttfontenois.fr\/wp-content\/uploads\/2024\/01\/2024-Nouveau-Questionnaire-Sante.pdf\">2024 &#8211; Nouveau Questionnaire Sant\u00e9<\/a><a href=\"https:\/\/vttfontenois.fr\/wp-content\/uploads\/2024\/01\/2024-Nouveau-Questionnaire-Sante.pdf\" class=\"wp-block-file__button wp-element-button\" download aria-describedby=\"wp-block-file--media-b91fd73c-9c71-4602-b4c8-b2e0efb5d3c7\">T\u00e9l\u00e9charger<\/a><\/div>\n","protected":false},"excerpt":{"rendered":"<p>L\u2019adh\u00e9sion pour l\u2019ann\u00e9e 2024 est fix\u00e9e \u00e0 61,50 \u20ac. Cette cotisation comprend l\u2019adh\u00e9sion \u00e0 la F\u00e9d\u00e9ration Fran\u00e7aise de Cyclotourisme (tarif adulte Petit-Braquet, assurance incluse) et la cotisation du club de 10,00 \u20ac. Attention : \u00e0 partir de cette&nbsp;ann\u00e9e, il n&rsquo;est plus n\u00e9cessaire de fournir un certificat m\u00e9dical, sauf pour ceux qui participent \u00e0 des manifestations cyclosportives (quelle que soit la f\u00e9d\u00e9ration).&nbsp; La F\u00e9d\u00e9ration a opt\u00e9 pour une non-obligation de produire un certificat m\u00e9dical et a d\u00e9cid\u00e9 de proposer une d\u00e9marche&#8230;<\/p>\n<p class=\"read-more\"><a class=\"btn btn-default\" href=\"https:\/\/vttfontenois.fr\/?page_id=17\">Lire la suite<span class=\"screen-reader-text\"> Lire la suite<\/span><\/a><\/p>\n","protected":false},"author":1,"featured_media":0,"parent":0,"menu_order":0,"comment_status":"closed","ping_status":"closed","template":"","meta":{"footnotes":""},"class_list":["post-17","page","type-page","status-publish","hentry"],"yoast_head":"<!-- This site is optimized with the Yoast SEO plugin v27.3 - https:\/\/yoast.com\/product\/yoast-seo-wordpress\/ -->\n<title>L&#039;adh\u00e9sion 2024 - VTT Fontenois<\/title>\n<meta name=\"robots\" content=\"index, follow, max-snippet:-1, max-image-preview:large, max-video-preview:-1\" \/>\n<link rel=\"canonical\" href=\"https:\/\/vttfontenois.fr\/?page_id=17\" \/>\n<meta property=\"og:locale\" content=\"fr_FR\" \/>\n<meta property=\"og:type\" content=\"article\" \/>\n<meta property=\"og:title\" content=\"L&#039;adh\u00e9sion 2024 - VTT Fontenois\" \/>\n<meta property=\"og:description\" content=\"L\u2019adh\u00e9sion pour l\u2019ann\u00e9e 2024 est fix\u00e9e \u00e0 61,50 \u20ac. Cette cotisation comprend l\u2019adh\u00e9sion \u00e0 la F\u00e9d\u00e9ration Fran\u00e7aise de Cyclotourisme (tarif adulte Petit-Braquet, assurance incluse) et la cotisation du club de 10,00 \u20ac. Attention : \u00e0 partir de cette&nbsp;ann\u00e9e, il n&rsquo;est plus n\u00e9cessaire de fournir un certificat m\u00e9dical, sauf pour ceux qui participent \u00e0 des manifestations cyclosportives (quelle que soit la f\u00e9d\u00e9ration).&nbsp; La F\u00e9d\u00e9ration a opt\u00e9 pour une non-obligation de produire un certificat m\u00e9dical et a d\u00e9cid\u00e9 de proposer une d\u00e9marche...Lire la suite Lire la suite\" \/>\n<meta property=\"og:url\" content=\"https:\/\/vttfontenois.fr\/?page_id=17\" \/>\n<meta property=\"og:site_name\" content=\"VTT Fontenois\" \/>\n<meta property=\"article:publisher\" content=\"https:\/\/www.facebook.com\/people\/VTT-Fontenois\/100057027657240\/\" \/>\n<meta property=\"article:modified_time\" content=\"2024-01-04T14:58:37+00:00\" \/>\n<meta name=\"twitter:card\" content=\"summary_large_image\" \/>\n<meta name=\"twitter:label1\" content=\"Dur\u00e9e de lecture estim\u00e9e\" \/>\n\t<meta name=\"twitter:data1\" content=\"2 minutes\" \/>\n<script type=\"application\/ld+json\" class=\"yoast-schema-graph\">{\"@context\":\"https:\\\/\\\/schema.org\",\"@graph\":[{\"@type\":\"WebPage\",\"@id\":\"https:\\\/\\\/vttfontenois.fr\\\/?page_id=17\",\"url\":\"https:\\\/\\\/vttfontenois.fr\\\/?page_id=17\",\"name\":\"L'adh\u00e9sion 2024 - VTT Fontenois\",\"isPartOf\":{\"@id\":\"https:\\\/\\\/vttfontenois.fr\\\/#website\"},\"datePublished\":\"2023-06-26T10:01:28+00:00\",\"dateModified\":\"2024-01-04T14:58:37+00:00\",\"breadcrumb\":{\"@id\":\"https:\\\/\\\/vttfontenois.fr\\\/?page_id=17#breadcrumb\"},\"inLanguage\":\"fr-FR\",\"potentialAction\":[{\"@type\":\"ReadAction\",\"target\":[\"https:\\\/\\\/vttfontenois.fr\\\/?page_id=17\"]}]},{\"@type\":\"BreadcrumbList\",\"@id\":\"https:\\\/\\\/vttfontenois.fr\\\/?page_id=17#breadcrumb\",\"itemListElement\":[{\"@type\":\"ListItem\",\"position\":1,\"name\":\"Accueil\",\"item\":\"https:\\\/\\\/vttfontenois.fr\\\/\"},{\"@type\":\"ListItem\",\"position\":2,\"name\":\"L&#8217;adh\u00e9sion 2024\"}]},{\"@type\":\"WebSite\",\"@id\":\"https:\\\/\\\/vttfontenois.fr\\\/#website\",\"url\":\"https:\\\/\\\/vttfontenois.fr\\\/\",\"name\":\"VTT Fontenois\",\"description\":\"Fontaine le Comte (86)\",\"potentialAction\":[{\"@type\":\"SearchAction\",\"target\":{\"@type\":\"EntryPoint\",\"urlTemplate\":\"https:\\\/\\\/vttfontenois.fr\\\/?s={search_term_string}\"},\"query-input\":{\"@type\":\"PropertyValueSpecification\",\"valueRequired\":true,\"valueName\":\"search_term_string\"}}],\"inLanguage\":\"fr-FR\"}]}<\/script>\n<!-- \/ Yoast SEO plugin. -->","yoast_head_json":{"title":"L'adh\u00e9sion 2024 - VTT Fontenois","robots":{"index":"index","follow":"follow","max-snippet":"max-snippet:-1","max-image-preview":"max-image-preview:large","max-video-preview":"max-video-preview:-1"},"canonical":"https:\/\/vttfontenois.fr\/?page_id=17","og_locale":"fr_FR","og_type":"article","og_title":"L'adh\u00e9sion 2024 - VTT Fontenois","og_description":"L\u2019adh\u00e9sion pour l\u2019ann\u00e9e 2024 est fix\u00e9e \u00e0 61,50 \u20ac. Cette cotisation comprend l\u2019adh\u00e9sion \u00e0 la F\u00e9d\u00e9ration Fran\u00e7aise de Cyclotourisme (tarif adulte Petit-Braquet, assurance incluse) et la cotisation du club de 10,00 \u20ac. Attention : \u00e0 partir de cette&nbsp;ann\u00e9e, il n&rsquo;est plus n\u00e9cessaire de fournir un certificat m\u00e9dical, sauf pour ceux qui participent \u00e0 des manifestations cyclosportives (quelle que soit la f\u00e9d\u00e9ration).&nbsp; La F\u00e9d\u00e9ration a opt\u00e9 pour une non-obligation de produire un certificat m\u00e9dical et a d\u00e9cid\u00e9 de proposer une d\u00e9marche...Lire la suite Lire la suite","og_url":"https:\/\/vttfontenois.fr\/?page_id=17","og_site_name":"VTT Fontenois","article_publisher":"https:\/\/www.facebook.com\/people\/VTT-Fontenois\/100057027657240\/","article_modified_time":"2024-01-04T14:58:37+00:00","twitter_card":"summary_large_image","twitter_misc":{"Dur\u00e9e de lecture estim\u00e9e":"2 minutes"},"schema":{"@context":"https:\/\/schema.org","@graph":[{"@type":"WebPage","@id":"https:\/\/vttfontenois.fr\/?page_id=17","url":"https:\/\/vttfontenois.fr\/?page_id=17","name":"L'adh\u00e9sion 2024 - VTT Fontenois","isPartOf":{"@id":"https:\/\/vttfontenois.fr\/#website"},"datePublished":"2023-06-26T10:01:28+00:00","dateModified":"2024-01-04T14:58:37+00:00","breadcrumb":{"@id":"https:\/\/vttfontenois.fr\/?page_id=17#breadcrumb"},"inLanguage":"fr-FR","potentialAction":[{"@type":"ReadAction","target":["https:\/\/vttfontenois.fr\/?page_id=17"]}]},{"@type":"BreadcrumbList","@id":"https:\/\/vttfontenois.fr\/?page_id=17#breadcrumb","itemListElement":[{"@type":"ListItem","position":1,"name":"Accueil","item":"https:\/\/vttfontenois.fr\/"},{"@type":"ListItem","position":2,"name":"L&#8217;adh\u00e9sion 2024"}]},{"@type":"WebSite","@id":"https:\/\/vttfontenois.fr\/#website","url":"https:\/\/vttfontenois.fr\/","name":"VTT Fontenois","description":"Fontaine le Comte (86)","potentialAction":[{"@type":"SearchAction","target":{"@type":"EntryPoint","urlTemplate":"https:\/\/vttfontenois.fr\/?s={search_term_string}"},"query-input":{"@type":"PropertyValueSpecification","valueRequired":true,"valueName":"search_term_string"}}],"inLanguage":"fr-FR"}]}},"_links":{"self":[{"href":"https:\/\/vttfontenois.fr\/index.php?rest_route=\/wp\/v2\/pages\/17","targetHints":{"allow":["GET"]}}],"collection":[{"href":"https:\/\/vttfontenois.fr\/index.php?rest_route=\/wp\/v2\/pages"}],"about":[{"href":"https:\/\/vttfontenois.fr\/index.php?rest_route=\/wp\/v2\/types\/page"}],"author":[{"embeddable":true,"href":"https:\/\/vttfontenois.fr\/index.php?rest_route=\/wp\/v2\/users\/1"}],"replies":[{"embeddable":true,"href":"https:\/\/vttfontenois.fr\/index.php?rest_route=%2Fwp%2Fv2%2Fcomments&post=17"}],"version-history":[{"count":9,"href":"https:\/\/vttfontenois.fr\/index.php?rest_route=\/wp\/v2\/pages\/17\/revisions"}],"predecessor-version":[{"id":977,"href":"https:\/\/vttfontenois.fr\/index.php?rest_route=\/wp\/v2\/pages\/17\/revisions\/977"}],"wp:attachment":[{"href":"https:\/\/vttfontenois.fr\/index.php?rest_route=%2Fwp%2Fv2%2Fmedia&parent=17"}],"curies":[{"name":"wp","href":"https:\/\/api.w.org\/{rel}","templated":true}]}}